{"id":7906,"date":"2022-09-27T15:54:02","date_gmt":"2022-09-27T19:54:02","guid":{"rendered":"https:\/\/www.tradewind.local\/legal-lk\/"},"modified":"2024-05-30T10:35:57","modified_gmt":"2024-05-30T14:35:57","slug":"legal","status":"publish","type":"page","link":"https:\/\/dev.tradewindfinance.com\/de\/legal\/","title":{"rendered":"Legal"},"content":{"rendered":"\t\t<div data-elementor-type=\"wp-page\" data-elementor-id=\"7906\" class=\"elementor elementor-7906 elementor-6795\" data-elementor-post-type=\"page\">\n\t\t\t\t\t\t<section class=\"elementor-section elementor-top-section elementor-element elementor-element-964fbef elementor-section-content-middle elementor-section-boxed elementor-section-height-default elementor-section-height-default\" data-id=\"964fbef\" data-element_type=\"section\">\n\t\t\t\t\t\t<div class=\"elementor-container elementor-column-gap-default\">\n\t\t\t\t\t<div class=\"elementor-column elementor-col-50 elementor-top-column elementor-element elementor-element-a018a57\" data-id=\"a018a57\" data-element_type=\"column\">\n\t\t\t<div class=\"elementor-widget-wrap elementor-element-populated\">\n\t\t\t\t\t\t<div class=\"elementor-element elementor-element-0192a44 elementor-widget elementor-widget-text-editor\" data-id=\"0192a44\" data-element_type=\"widget\" data-widget_type=\"text-editor.default\">\n\t\t\t\t<div class=\"elementor-widget-container\">\n\t\t\t\t\t\t\t\t\t<div>Tradewind<\/div><h1>Legal\/Impressum<\/h1><p>Updated on September 27<sup>th<\/sup>\u00a02022<br \/>Letzte Aktualisierung 27. September 2022<\/p>\t\t\t\t\t\t\t\t<\/div>\n\t\t\t\t<\/div>\n\t\t\t\t\t<\/div>\n\t\t<\/div>\n\t\t\t\t<div class=\"elementor-column elementor-col-50 elementor-top-column elementor-element elementor-element-27e53c1\" data-id=\"27e53c1\" data-element_type=\"column\">\n\t\t\t<div class=\"elementor-widget-wrap elementor-element-populated\">\n\t\t\t\t\t\t<div class=\"elementor-element elementor-element-6eeebc8 elementor-align-right elementor-mobile-align-left elementor-widget elementor-widget-button\" data-id=\"6eeebc8\" data-element_type=\"widget\" data-widget_type=\"button.button-landkit\">\n\t\t\t\t<div class=\"elementor-widget-container\">\n\t\t\t\t\t        <div class=\"elementor-button-wrapper\">\n            <a href=\"#\" class=\"elementor-button-link btn btn-primary-soft btn-sm\" role=\"button\" onclick=\"window.print()\">\n                        <span class=\"elementor-button-content-wrapper\">\n                        <span class=\"elementor-button-icon btn__icon btn__icon--left\">\n                    <i aria-hidden=\"true\" class=\"fe fe-printer\"><\/i>            <\/span>\n                                    <span class=\"elementor-button-text\">Print<\/span>\n                    <\/span>\n                    <\/a>\n        <\/div>\n        \t\t\t\t<\/div>\n\t\t\t\t<\/div>\n\t\t\t\t\t<\/div>\n\t\t<\/div>\n\t\t\t\t\t<\/div>\n\t\t<\/section>\n\t\t\t\t<section class=\"elementor-section elementor-top-section elementor-element elementor-element-8cb632a elementor-section-boxed elementor-section-height-default elementor-section-height-default\" data-id=\"8cb632a\" data-element_type=\"section\">\n\t\t\t\t\t\t<div class=\"elementor-container elementor-column-gap-default\">\n\t\t\t\t\t<div class=\"elementor-column elementor-col-100 elementor-top-column elementor-element elementor-element-6327710\" data-id=\"6327710\" data-element_type=\"column\">\n\t\t\t<div class=\"elementor-widget-wrap elementor-element-populated\">\n\t\t\t\t\t\t<div class=\"elementor-element elementor-element-98d8b0a elementor-widget-divider--view-line elementor-widget elementor-widget-divider\" data-id=\"98d8b0a\" data-element_type=\"widget\" data-widget_type=\"divider.default\">\n\t\t\t\t<div class=\"elementor-widget-container\">\n\t\t\t\t\t\t\t<div class=\"elementor-divider\">\n\t\t\t<span class=\"elementor-divider-separator\">\n\t\t\t\t\t\t<\/span>\n\t\t<\/div>\n\t\t\t\t\t\t<\/div>\n\t\t\t\t<\/div>\n\t\t\t\t<div class=\"elementor-element elementor-element-766cff3 elementor-tabs-view-horizontal elementor-widget elementor-widget-tabs\" data-id=\"766cff3\" data-element_type=\"widget\" data-widget_type=\"tabs.default\">\n\t\t\t\t<div class=\"elementor-widget-container\">\n\t\t\t\t\t\t\t<div class=\"elementor-tabs\">\n\t\t\t<div class=\"elementor-tabs-wrapper\" role=\"tablist\" >\n\t\t\t\t\t\t\t\t\t<div id=\"elementor-tab-title-1241\" class=\"elementor-tab-title elementor-tab-desktop-title\" aria-selected=\"true\" data-tab=\"1\" role=\"tab\" tabindex=\"0\" aria-controls=\"elementor-tab-content-1241\" aria-expanded=\"false\">English<\/div>\n\t\t\t\t\t\t\t\t\t<div id=\"elementor-tab-title-1242\" class=\"elementor-tab-title elementor-tab-desktop-title\" aria-selected=\"false\" data-tab=\"2\" role=\"tab\" tabindex=\"-1\" aria-controls=\"elementor-tab-content-1242\" aria-expanded=\"false\">Deutsch<\/div>\n\t\t\t\t\t\t\t<\/div>\n\t\t\t<div class=\"elementor-tabs-content-wrapper\" role=\"tablist\" aria-orientation=\"vertical\">\n\t\t\t\t\t\t\t\t\t<div class=\"elementor-tab-title elementor-tab-mobile-title\" aria-selected=\"true\" data-tab=\"1\" role=\"tab\" tabindex=\"0\" aria-controls=\"elementor-tab-content-1241\" aria-expanded=\"false\">English<\/div>\n\t\t\t\t\t<div id=\"elementor-tab-content-1241\" class=\"elementor-tab-content elementor-clearfix\" data-tab=\"1\" role=\"tabpanel\" aria-labelledby=\"elementor-tab-title-1241\" tabindex=\"0\" hidden=\"false\"><h3 id=\"heading1\" class=\"mb-5\">Information pursuant to Section 5 Tele Media Act (TMG)<\/h3>\n<h4 class=\"mt-5 mb-3\">Provider pursuant to Tele Media Act (TMG):<\/h4>\n<p class=\"text-gray-800\">Tradewind GmbH\nFlughafenstrasse 83,\nD-41066 M\u00f6nchengladbach<\/p>\n<p class=\"text-gray-800\">Phone:\u00a0<a href=\"tel:02161697790\">+49-(0)2161-697790<\/a>\nFax:\u00a0<a href=\"tel:021616977979\">+49-(0)2161-6977979<\/a>\nEmail:\u00a0<a href=\"mailto:contact@tradewindfinance.com\">contact@tradewindfinance.com<\/a>\nInternet:\u00a0<a href=\"https:\/\/dev.tradewindfinance.com\/wp\/\">tradewindfinance.com<\/a><\/p>\n\n<h4 class=\"mt-5 mb-3\">Legal form<\/h4>\n<p class=\"text-gray-800\">Company with limited liability (Gesellschaft mit beschr\u00e4nkter Haftung, GmbH)<\/p>\n\n<h4 class=\"mt-5 mb-3\">Authorized representative<\/h4>\n<p class=\"text-gray-800\">Ansgar H\u00fctten, CEO\/Managing Director\nJohan Geduhn, Managing Director\nMario Voss, Managing Director<\/p>\n\n<h4 id=\"logging\" class=\"mt-5 mb-3\">Registration Court<\/h4>\n<p class=\"text-gray-800\">Local Court (Amtsgericht) M\u00f6nchengladbach\nCommercial Register No. HRB 6341<\/p>\n\n<h4 id=\"logging\" class=\"mt-5 mb-3\">VAT Registration Number<\/h4>\n<p class=\"text-gray-800\">DE 246833202<\/p>\n\n<h4 id=\"logging\" class=\"mt-5 mb-3\">Supervisory authority responsible<\/h4>\n<p class=\"text-gray-800\">Federal Financial Supervisory Authority (BaFin)\nGraurheindorfer Stra\u00dfe 108\n53117 Bonn, Germany\nPhone:\u00a0<a class=\"text-reset\" href=\"tel:0227841080\">+49-(0)2278-41080<\/a>\nEmail:\u00a0<a href=\"mailto:poststelle@bafin.de\">poststelle@bafin.de<\/a><\/p>\n\n<h4 id=\"logging\" class=\"mt-5 mb-3\">Responsible editor pursuant to art. 55 (2) RStV<\/h4>\n<p class=\"text-gray-800\">Johan Geduhn\nFlughafenstra\u00dfe 83\nD-41066 M\u00f6nchengladbach, Germany<\/p>\n\n<h3 id=\"heading1\" class=\"mt-8 mb-5\">Information pursuant to art. 36 Alternative Dispute Resolution for Consumer Disputes Act (VSBG)<\/h3>\n<p class=\"text-gray-800\">We do not commit to or are obliged to use alternative dispute resolution (ADR) entities to resolve disputes with consumers.<\/p>\n\n<h4 id=\"logging\" class=\"mt-5 mb-3\">Copyright<\/h4>\n<p class=\"text-gray-800\">The content and works published on this website are governed by the copyright laws. Any duplication, processing, distribution or any form of utilisation shall require the prior written consent of the author or authors in question.<\/p>\n\n<h4 id=\"logging\" class=\"mt-5 mb-3\">Picture Credits<\/h4>\n<p class=\"text-gray-800\">shutterstock.com<\/p>\n\n<h4 id=\"logging\" class=\"mt-5 mb-3\">Disclaimer<\/h4>\n<p class=\"text-gray-800\">All information on this website is subject to change. Tradewind reserves the right for modifications anytime, especially due to further development of the business and its nature. In addition, Tradewind is not in any way responsible for content of other websites that have led to the visit of this site or to which links have been installed on this website. Only the owners of those linked sites are responsible for their respective contents.<\/p>\n\n<h4 id=\"logging\" class=\"mt-5 mb-3\">Grievances<\/h4>\n<p class=\"text-gray-800\">For any issues or concerns, please contact\u00a0<a href=\"mailto:grievances@tradewindfinance.com\">grievances@tradewindfinance.com<\/a><\/p><\/div>\n\t\t\t\t\t\t\t\t\t<div class=\"elementor-tab-title elementor-tab-mobile-title\" aria-selected=\"false\" data-tab=\"2\" role=\"tab\" tabindex=\"-1\" aria-controls=\"elementor-tab-content-1242\" aria-expanded=\"false\">Deutsch<\/div>\n\t\t\t\t\t<div id=\"elementor-tab-content-1242\" class=\"elementor-tab-content elementor-clearfix\" data-tab=\"2\" role=\"tabpanel\" aria-labelledby=\"elementor-tab-title-1242\" tabindex=\"0\" hidden=\"hidden\"><h3 id=\"heading1\" class=\"mb-5\">Information gem\u00e4\u00df \u00a7 5 Telemediengesetz<\/h3>\n<h4 class=\"mt-5 mb-3\">Anbieter nach dem Telemediengesetz (TMG):<\/h4>\n<p class=\"text-gray-800\">Tradewind GmbH\nFlughafenstrasse 83,\nD-41066 M\u00f6nchengladbach<\/p>\n<p class=\"text-gray-800\">Telefon: <a href=\"tel:02161697790\">+49-(0)2161-697790<\/a>\nFax:\u00a0<a href=\"tel:021616977979\">+49-(0)2161-6977979<\/a>\nEmail:\u00a0<a href=\"mailto:contact@tradewindfinance.com\">contact@tradewindfinance.com<\/a>\nInternet:\u00a0<a href=\"https:\/\/dev.tradewindfinance.com\/wp\/\">tradewindfinance.com<\/a><\/p>\n\n<h4 class=\"mt-5 mb-3\">Rechtsform<\/h4>\n<p class=\"text-gray-800\">Gesellschaft mit beschr\u00e4nkter Haftung, GmbH<\/p>\n\n<h4 class=\"mt-5 mb-3\">Gesch\u00e4ftsf\u00fchrer<\/h4>\n<p class=\"text-gray-800\">Ansgar H\u00fctten\nJohan Geduhn\nMario Voss<\/p>\n\n<h4 id=\"logging\" class=\"mt-5 mb-3\">Handelsregister<\/h4>\nAmtsgericht M\u00f6nchengladbach\n<p class=\"text-gray-800\">Handelsregister Nummer HRB 6341<\/p>\n\n<h4 id=\"logging\" class=\"mt-5 mb-3\">USt-Nr.<\/h4>\n<p class=\"text-gray-800\">DE 246833202<\/p>\n\n<h4 id=\"logging\" class=\"mt-5 mb-3\">Aufsichtsbeh\u00f6rde<\/h4>\n<p class=\"text-gray-800\">Federal Financial Supervisory Authority (BaFin)\nGraurheindorfer Stra\u00dfe 108\n53117 Bonn, Germany\nTelefon: <a class=\"text-reset\" href=\"tel:0227841080\">+49-(0)2278-41080<\/a>\nEmail:\u00a0<a href=\"mailto:poststelle@bafin.de\">poststelle@bafin.de<\/a><\/p>\n\n<h4 id=\"logging\" class=\"mt-5 mb-3\">Zust\u00e4ndige Person gem\u00e4\u00df \u00a7 55 Abs. 2 RStV<\/h4>\n<p class=\"text-gray-800\">Johan Geduhn\nFlughafenstra\u00dfe 83\nD-41066 M\u00f6nchengladbach, Germany<\/p>\n\n<h3 id=\"heading1\" class=\"mt-8 mb-5\">Informationen gem\u00e4\u00df \u00a7 36 Gesetz \u00fcber die alternative Streitbeilegung bei Verbraucherstreitigkeiten (VSBG)<\/h3>\n<p class=\"text-gray-800\">Wir sind nicht verpflichtet, alternative Streitbeilegungsstellen zur Beilegung von Streitigkeiten mit Verbrauchern zu nutzen.<\/p>\n\n<h4 id=\"logging\" class=\"mt-5 mb-3\">Urheberrecht<\/h4>\nDie auf dieser Website ver\u00f6ffentlichten Inhalte und Werke unterliegen dem Urheberrecht. Die Vervielf\u00e4ltigung, Bearbeitung, Verbreitung und jede Art der Verwertung bed\u00fcrfen der schriftlichen Zustimmung des jeweiligen Autors bzw. der jeweiligen Autoren.\n<h4 id=\"logging\" class=\"mt-5 mb-3\">Bildnachweis<\/h4>\n<p class=\"text-gray-800\">shutterstock.com<\/p>\n\n<h4 id=\"logging\" class=\"mt-5 mb-3\">Disclaimer<\/h4>\nAlle Informationen auf dieser Website sind ohne Gew\u00e4hr. Tradewind beh\u00e4lt sich das Recht vor, jederzeit \u00c4nderungen vorzunehmen, insbesondere aufgrund von Weiterentwicklungen des Unternehmens und seiner Natur. Dar\u00fcber hinaus ist Tradewind in keiner Weise verantwortlich f\u00fcr den Inhalt anderer Websites, die zum Besuch dieser Website gef\u00fchrt haben oder zu denen Links auf dieser Website eingerichtet wurden. F\u00fcr den Inhalt der verlinkten Seiten sind ausschlie\u00dflich deren Betreiber verantwortlich.\n<h4 id=\"logging\" class=\"mt-5 mb-3\">Beschwerden<\/h4>\n<p class=\"text-gray-800\">Bei Fragen oder Problemen wenden Sie sich bitte an <a href=\"mailto:grievances@tradewindfinance.com\">grievances@tradewindfinance.com<\/a><\/p><\/div>\n\t\t\t\t\t\t\t<\/div>\n\t\t<\/div>\n\t\t\t\t\t\t<\/div>\n\t\t\t\t<\/div>\n\t\t\t\t\t<\/div>\n\t\t<\/div>\n\t\t\t\t\t<\/div>\n\t\t<\/section>\n\t\t\t\t<\/div>\n\t\t","protected":false},"excerpt":{"rendered":"<p>Tradewind Legal\/Impressum Updated on September 27th\u00a02022Letzte Aktualisierung 27. September 2022 Print English Deutsch English Information pursuant to Section 5 Tele Media Act (TMG) Provider pursuant to Tele Media Act (TMG): Tradewind GmbH Flughafenstrasse 83, D-41066 M\u00f6nchengladbach Phone:\u00a0+49-(0)2161-697790 Fax:\u00a0+49-(0)2161-6977979 Email:\u00a0contact@tradewindfinance.com Internet:\u00a0tradewindfinance.com Legal form Company with limited liability (Gesellschaft mit beschr\u00e4nkter Haftung, GmbH) Authorized representative Ansgar H\u00fctten, [&hellip;]<\/p>\n","protected":false},"author":3,"featured_media":0,"parent":0,"menu_order":0,"comment_status":"closed","ping_status":"closed","template":"","meta":{"footnotes":""},"class_list":["post-7906","page","type-page","status-publish","hentry"],"yoast_head":"<!-- This site is optimized with the Yoast SEO plugin v27.5 - https:\/\/yoast.com\/product\/yoast-seo-wordpress\/ -->\n<title>Privacy Policy | Legal | Tradewind Finance<\/title>\n<meta name=\"description\" content=\"The legal and privacy policies followed by Tradewind globally and regionally\" \/>\n<meta name=\"robots\" content=\"noindex, follow, max-snippet:-1, max-image-preview:large, max-video-preview:-1\" \/>\n<meta property=\"og:locale\" content=\"de_DE\" \/>\n<meta property=\"og:type\" content=\"article\" \/>\n<meta property=\"og:title\" content=\"Privacy Policy | Legal | Tradewind Finance\" \/>\n<meta property=\"og:description\" content=\"The legal and privacy policies followed by Tradewind globally and regionally\" \/>\n<meta property=\"og:url\" content=\"https:\/\/dev.tradewindfinance.com\/de\/legal\/\" \/>\n<meta property=\"og:site_name\" content=\"Tradewind Finance\" \/>\n<meta property=\"article:modified_time\" content=\"2024-05-30T14:35:57+00:00\" \/>\n<meta name=\"twitter:card\" content=\"summary_large_image\" \/>\n<meta name=\"twitter:label1\" content=\"Est. reading time\" \/>\n\t<meta name=\"twitter:data1\" content=\"3 minutes\" \/>\n<script type=\"application\/ld+json\" class=\"yoast-schema-graph\">{\"@context\":\"https:\\\/\\\/schema.org\",\"@graph\":[{\"@type\":\"WebPage\",\"@id\":\"https:\\\/\\\/dev.tradewindfinance.com\\\/de\\\/legal\\\/\",\"url\":\"https:\\\/\\\/dev.tradewindfinance.com\\\/de\\\/legal\\\/\",\"name\":\"Privacy Policy | Legal | Tradewind Finance\",\"isPartOf\":{\"@id\":\"https:\\\/\\\/dev.tradewindfinance.com\\\/#website\"},\"datePublished\":\"2022-09-27T19:54:02+00:00\",\"dateModified\":\"2024-05-30T14:35:57+00:00\",\"description\":\"The legal and privacy policies followed by Tradewind globally and regionally\",\"breadcrumb\":{\"@id\":\"https:\\\/\\\/dev.tradewindfinance.com\\\/de\\\/legal\\\/#breadcrumb\"},\"inLanguage\":\"de-DE\",\"potentialAction\":[{\"@type\":\"ReadAction\",\"target\":[\"https:\\\/\\\/dev.tradewindfinance.com\\\/de\\\/legal\\\/\"]}]},{\"@type\":\"BreadcrumbList\",\"@id\":\"https:\\\/\\\/dev.tradewindfinance.com\\\/de\\\/legal\\\/#breadcrumb\",\"itemListElement\":[{\"@type\":\"ListItem\",\"position\":1,\"name\":\"Home\",\"item\":\"https:\\\/\\\/dev.tradewindfinance.com\\\/de\\\/home\\\/\"},{\"@type\":\"ListItem\",\"position\":2,\"name\":\"Legal\"}]},{\"@type\":\"WebSite\",\"@id\":\"https:\\\/\\\/dev.tradewindfinance.com\\\/#website\",\"url\":\"https:\\\/\\\/dev.tradewindfinance.com\\\/\",\"name\":\"Tradewind Finance\",\"description\":\"Intelligent Trade Finance\",\"publisher\":{\"@id\":\"https:\\\/\\\/dev.tradewindfinance.com\\\/#organization\"},\"potentialAction\":[{\"@type\":\"SearchAction\",\"target\":{\"@type\":\"EntryPoint\",\"urlTemplate\":\"https:\\\/\\\/dev.tradewindfinance.com\\\/?s={search_term_string}\"},\"query-input\":{\"@type\":\"PropertyValueSpecification\",\"valueRequired\":true,\"valueName\":\"search_term_string\"}}],\"inLanguage\":\"de-DE\"},{\"@type\":\"Organization\",\"@id\":\"https:\\\/\\\/dev.tradewindfinance.com\\\/#organization\",\"name\":\"Tradewind Finance\",\"url\":\"https:\\\/\\\/dev.tradewindfinance.com\\\/\",\"logo\":{\"@type\":\"ImageObject\",\"inLanguage\":\"de-DE\",\"@id\":\"https:\\\/\\\/dev.tradewindfinance.com\\\/#\\\/schema\\\/logo\\\/image\\\/\",\"url\":\"https:\\\/\\\/dev.tradewindfinance.com\\\/wp-content\\\/uploads\\\/2022\\\/02\\\/Tradewind-Logo.svg\",\"contentUrl\":\"https:\\\/\\\/dev.tradewindfinance.com\\\/wp-content\\\/uploads\\\/2022\\\/02\\\/Tradewind-Logo.svg\",\"width\":200,\"height\":49,\"caption\":\"Tradewind Finance\"},\"image\":{\"@id\":\"https:\\\/\\\/dev.tradewindfinance.com\\\/#\\\/schema\\\/logo\\\/image\\\/\"}}]}<\/script>\n<!-- \/ Yoast SEO plugin. -->","yoast_head_json":{"title":"Privacy Policy | Legal | Tradewind Finance","description":"The legal and privacy policies followed by Tradewind globally and regionally","robots":{"index":"noindex","follow":"follow","max-snippet":"max-snippet:-1","max-image-preview":"max-image-preview:large","max-video-preview":"max-video-preview:-1"},"og_locale":"de_DE","og_type":"article","og_title":"Privacy Policy | Legal | Tradewind Finance","og_description":"The legal and privacy policies followed by Tradewind globally and regionally","og_url":"https:\/\/dev.tradewindfinance.com\/de\/legal\/","og_site_name":"Tradewind Finance","article_modified_time":"2024-05-30T14:35:57+00:00","twitter_card":"summary_large_image","twitter_misc":{"Est. reading time":"3 minutes"},"schema":{"@context":"https:\/\/schema.org","@graph":[{"@type":"WebPage","@id":"https:\/\/dev.tradewindfinance.com\/de\/legal\/","url":"https:\/\/dev.tradewindfinance.com\/de\/legal\/","name":"Privacy Policy | Legal | Tradewind Finance","isPartOf":{"@id":"https:\/\/dev.tradewindfinance.com\/#website"},"datePublished":"2022-09-27T19:54:02+00:00","dateModified":"2024-05-30T14:35:57+00:00","description":"The legal and privacy policies followed by Tradewind globally and regionally","breadcrumb":{"@id":"https:\/\/dev.tradewindfinance.com\/de\/legal\/#breadcrumb"},"inLanguage":"de-DE","potentialAction":[{"@type":"ReadAction","target":["https:\/\/dev.tradewindfinance.com\/de\/legal\/"]}]},{"@type":"BreadcrumbList","@id":"https:\/\/dev.tradewindfinance.com\/de\/legal\/#breadcrumb","itemListElement":[{"@type":"ListItem","position":1,"name":"Home","item":"https:\/\/dev.tradewindfinance.com\/de\/home\/"},{"@type":"ListItem","position":2,"name":"Legal"}]},{"@type":"WebSite","@id":"https:\/\/dev.tradewindfinance.com\/#website","url":"https:\/\/dev.tradewindfinance.com\/","name":"Tradewind Finance","description":"Intelligent Trade Finance","publisher":{"@id":"https:\/\/dev.tradewindfinance.com\/#organization"},"potentialAction":[{"@type":"SearchAction","target":{"@type":"EntryPoint","urlTemplate":"https:\/\/dev.tradewindfinance.com\/?s={search_term_string}"},"query-input":{"@type":"PropertyValueSpecification","valueRequired":true,"valueName":"search_term_string"}}],"inLanguage":"de-DE"},{"@type":"Organization","@id":"https:\/\/dev.tradewindfinance.com\/#organization","name":"Tradewind Finance","url":"https:\/\/dev.tradewindfinance.com\/","logo":{"@type":"ImageObject","inLanguage":"de-DE","@id":"https:\/\/dev.tradewindfinance.com\/#\/schema\/logo\/image\/","url":"https:\/\/dev.tradewindfinance.com\/wp-content\/uploads\/2022\/02\/Tradewind-Logo.svg","contentUrl":"https:\/\/dev.tradewindfinance.com\/wp-content\/uploads\/2022\/02\/Tradewind-Logo.svg","width":200,"height":49,"caption":"Tradewind Finance"},"image":{"@id":"https:\/\/dev.tradewindfinance.com\/#\/schema\/logo\/image\/"}}]}},"_links":{"self":[{"href":"https:\/\/dev.tradewindfinance.com\/de\/wp-json\/wp\/v2\/pages\/7906","targetHints":{"allow":["GET"]}}],"collection":[{"href":"https:\/\/dev.tradewindfinance.com\/de\/wp-json\/wp\/v2\/pages"}],"about":[{"href":"https:\/\/dev.tradewindfinance.com\/de\/wp-json\/wp\/v2\/types\/page"}],"author":[{"embeddable":true,"href":"https:\/\/dev.tradewindfinance.com\/de\/wp-json\/wp\/v2\/users\/3"}],"replies":[{"embeddable":true,"href":"https:\/\/dev.tradewindfinance.com\/de\/wp-json\/wp\/v2\/comments?post=7906"}],"version-history":[{"count":0,"href":"https:\/\/dev.tradewindfinance.com\/de\/wp-json\/wp\/v2\/pages\/7906\/revisions"}],"wp:attachment":[{"href":"https:\/\/dev.tradewindfinance.com\/de\/wp-json\/wp\/v2\/media?parent=7906"}],"curies":[{"name":"wp","href":"https:\/\/api.w.org\/{rel}","templated":true}]}}